{"id":8259,"date":"2025-01-25T10:29:48","date_gmt":"2025-01-25T09:29:48","guid":{"rendered":"https:\/\/schaer-clockhands.com\/about-us\/"},"modified":"2025-08-02T11:51:41","modified_gmt":"2025-08-02T09:51:41","slug":"about-us","status":"publish","type":"page","link":"https:\/\/schaer-clockhands.com\/en\/about-us\/","title":{"rendered":"About Us"},"content":{"rendered":"\t\t<div data-elementor-type=\"wp-page\" data-elementor-id=\"8259\" class=\"elementor elementor-8259 elementor-6959\" data-elementor-post-type=\"page\">\n\t\t\t\t\t\t<section class=\"elementor-section elementor-top-section elementor-element elementor-element-c845fc4 elementor-section-boxed elementor-section-height-default elementor-section-height-default\" data-id=\"c845fc4\" data-element_type=\"section\">\n\t\t\t\t\t\t<div class=\"elementor-container elementor-column-gap-no\">\n\t\t\t\t\t<div class=\"elementor-column elementor-col-100 elementor-top-column elementor-element elementor-element-1b17a8b\" data-id=\"1b17a8b\" data-element_type=\"column\">\n\t\t\t<div class=\"elementor-widget-wrap elementor-element-populated\">\n\t\t\t\t\t\t<div class=\"elementor-element elementor-element-4ee7ad9 elementor-widget elementor-widget-heading\" data-id=\"4ee7ad9\" data-element_type=\"widget\" data-widget_type=\"heading.default\">\n\t\t\t\t<div class=\"elementor-widget-container\">\n\t\t\t\t\t<h1 class=\"elementor-heading-title elementor-size-default\">Sch\u00e4r Hands<\/h1>\t\t\t\t<\/div>\n\t\t\t\t<\/div>\n\t\t\t\t<div class=\"elementor-element elementor-element-46d6919 elementor-widget elementor-widget-heading\" data-id=\"46d6919\" data-element_type=\"widget\" data-widget_type=\"heading.default\">\n\t\t\t\t<div class=\"elementor-widget-container\">\n\t\t\t\t\t<h2 class=\"elementor-heading-title elementor-size-default\">Precision and tradition since 1924<\/h2>\t\t\t\t<\/div>\n\t\t\t\t<\/div>\n\t\t\t\t\t<\/div>\n\t\t<\/div>\n\t\t\t\t\t<\/div>\n\t\t<\/section>\n\t\t\t\t<section class=\"elementor-section elementor-top-section elementor-element elementor-element-28ed492 elementor-section-content-middle elementor-reverse-mobile elementor-section-boxed elementor-section-height-default elementor-section-height-default\" data-id=\"28ed492\" data-element_type=\"section\">\n\t\t\t\t\t\t<div class=\"elementor-container elementor-column-gap-default\">\n\t\t\t\t\t<div class=\"elementor-column elementor-col-50 elementor-top-column elementor-element elementor-element-53332fc\" data-id=\"53332fc\" data-element_type=\"column\">\n\t\t\t<div class=\"elementor-widget-wrap elementor-element-populated\">\n\t\t\t\t\t\t<div class=\"elementor-element elementor-element-8251316 elementor-widget elementor-widget-text-editor\" data-id=\"8251316\" data-element_type=\"widget\" data-widget_type=\"text-editor.default\">\n\t\t\t\t<div class=\"elementor-widget-container\">\n\t\t\t\t\t\t\t\t\t<h3>Precision and Tradition since 1924<\/h3><p>As a <strong>family business<\/strong>, we have stood for the highest quality in the production of hands for over 100 years. Since <strong>1926<\/strong>, we have concentrated on the <strong>precise manufacture of large clock hands<\/strong>, combining proven tradition with state-of-the-art technology. <\/p><p>Our commitment to quality is evident in every detail: <strong>Depending on the application, we rely either on ultra-modern manufacturing technologies or on our specially developed proprietary designs<\/strong>, which enable particularly precise work.<\/p>\t\t\t\t\t\t\t\t<\/div>\n\t\t\t\t<\/div>\n\t\t\t\t<div class=\"elementor-element elementor-element-5f1a8af elementor-align-left elementor-widget elementor-widget-button\" data-id=\"5f1a8af\" data-element_type=\"widget\" data-widget_type=\"button.default\">\n\t\t\t\t<div class=\"elementor-widget-container\">\n\t\t\t\t\t\t\t\t\t<div class=\"elementor-button-wrapper\">\n\t\t\t\t\t<a class=\"elementor-button elementor-button-link elementor-size-sm\" href=\"\/en\/production\/\">\n\t\t\t\t\t\t<span class=\"elementor-button-content-wrapper\">\n\t\t\t\t\t\t\t\t\t<span class=\"elementor-button-text\">Learn more about our production<\/span>\n\t\t\t\t\t<\/span>\n\t\t\t\t\t<\/a>\n\t\t\t\t<\/div>\n\t\t\t\t\t\t\t\t<\/div>\n\t\t\t\t<\/div>\n\t\t\t\t\t<\/div>\n\t\t<\/div>\n\t\t\t\t<div class=\"elementor-column elementor-col-50 elementor-top-column elementor-element elementor-element-f1141ad\" data-id=\"f1141ad\" data-element_type=\"column\">\n\t\t\t<div class=\"elementor-widget-wrap elementor-element-populated\">\n\t\t\t\t\t\t<div class=\"elementor-element elementor-element-f989c2b elementor-widget elementor-widget-image\" data-id=\"f989c2b\" data-element_type=\"widget\" data-widget_type=\"image.default\">\n\t\t\t\t<div class=\"elementor-widget-container\">\n\t\t\t\t\t\t\t\t\t\t\t\t\t\t\t<img fetchpriority=\"high\" decoding=\"async\" width=\"1024\" height=\"683\" src=\"https:\/\/schaer-clockhands.com\/wp-content\/uploads\/2025\/02\/Buerk_Manufaktur_0988-1024x683.jpg\" class=\"attachment-large size-large wp-image-7674\" alt=\"\" srcset=\"https:\/\/schaer-clockhands.com\/wp-content\/uploads\/2025\/02\/Buerk_Manufaktur_0988-1024x683.jpg 1024w, https:\/\/schaer-clockhands.com\/wp-content\/uploads\/2025\/02\/Buerk_Manufaktur_0988-300x200.jpg 300w, https:\/\/schaer-clockhands.com\/wp-content\/uploads\/2025\/02\/Buerk_Manufaktur_0988-768x512.jpg 768w, https:\/\/schaer-clockhands.com\/wp-content\/uploads\/2025\/02\/Buerk_Manufaktur_0988-1536x1024.jpg 1536w, https:\/\/schaer-clockhands.com\/wp-content\/uploads\/2025\/02\/Buerk_Manufaktur_0988-2048x1365.jpg 2048w\" sizes=\"(max-width: 1024px) 100vw, 1024px\" \/>\t\t\t\t\t\t\t\t\t\t\t\t\t\t\t<\/div>\n\t\t\t\t<\/div>\n\t\t\t\t\t<\/div>\n\t\t<\/div>\n\t\t\t\t\t<\/div>\n\t\t<\/section>\n\t\t\t\t<section class=\"elementor-section elementor-top-section elementor-element elementor-element-e152702 elementor-section-content-middle elementor-section-boxed elementor-section-height-default elementor-section-height-default\" data-id=\"e152702\" data-element_type=\"section\">\n\t\t\t\t\t\t<div class=\"elementor-container elementor-column-gap-default\">\n\t\t\t\t\t<div class=\"elementor-column elementor-col-50 elementor-top-column elementor-element elementor-element-c082583\" data-id=\"c082583\" data-element_type=\"column\">\n\t\t\t<div class=\"elementor-widget-wrap elementor-element-populated\">\n\t\t\t\t\t\t<div class=\"elementor-element elementor-element-975097e elementor-widget elementor-widget-image\" data-id=\"975097e\" data-element_type=\"widget\" data-widget_type=\"image.default\">\n\t\t\t\t<div class=\"elementor-widget-container\">\n\t\t\t\t\t\t\t\t\t\t\t\t\t\t\t<img decoding=\"async\" width=\"1000\" height=\"667\" src=\"https:\/\/schaer-clockhands.com\/wp-content\/uploads\/2023\/01\/Buerk_Manufaktur_0696.jpg\" class=\"attachment-large size-large wp-image-6943\" alt=\"\" srcset=\"https:\/\/schaer-clockhands.com\/wp-content\/uploads\/2023\/01\/Buerk_Manufaktur_0696.jpg 1000w, https:\/\/schaer-clockhands.com\/wp-content\/uploads\/2023\/01\/Buerk_Manufaktur_0696-300x200.jpg 300w, https:\/\/schaer-clockhands.com\/wp-content\/uploads\/2023\/01\/Buerk_Manufaktur_0696-768x512.jpg 768w\" sizes=\"(max-width: 1000px) 100vw, 1000px\" \/>\t\t\t\t\t\t\t\t\t\t\t\t\t\t\t<\/div>\n\t\t\t\t<\/div>\n\t\t\t\t\t<\/div>\n\t\t<\/div>\n\t\t\t\t<div class=\"elementor-column elementor-col-50 elementor-top-column elementor-element elementor-element-885f0e2\" data-id=\"885f0e2\" data-element_type=\"column\">\n\t\t\t<div class=\"elementor-widget-wrap elementor-element-populated\">\n\t\t\t\t\t\t<div class=\"elementor-element elementor-element-7f240a2 elementor-widget elementor-widget-text-editor\" data-id=\"7f240a2\" data-element_type=\"widget\" data-widget_type=\"text-editor.default\">\n\t\t\t\t<div class=\"elementor-widget-container\">\n\t\t\t\t\t\t\t\t\t<h3>Diversity + Precision \u2013 our Range<\/h3><p>Our <strong>standard range includes over 1,000 different basic shapes<\/strong> \u2013 in a range from <strong>6 mm to &gt;600 mm in length.<\/strong><\/p><p><strong>Like a catalog?<\/strong> <br>You can view + receive our models in <strong>printed form, as a CD-ROM or in a digital version<\/strong>.<\/p><p><strong>Individual wishes?<\/strong> <br>In addition to our standard models, we also manufacture <strong>custom-made products in any size and with individual designs.<\/strong> Your special request is a challenge for us, which we implement for you with the highest quality awareness.<\/p><p>Please do not hesitate to contact us with your wishes and suggestions!<\/p>\t\t\t\t\t\t\t\t<\/div>\n\t\t\t\t<\/div>\n\t\t\t\t<div class=\"elementor-element elementor-element-a54126a elementor-align-left elementor-widget elementor-widget-button\" data-id=\"a54126a\" data-element_type=\"widget\" data-widget_type=\"button.default\">\n\t\t\t\t<div class=\"elementor-widget-container\">\n\t\t\t\t\t\t\t\t\t<div class=\"elementor-button-wrapper\">\n\t\t\t\t\t<a class=\"elementor-button elementor-button-link elementor-size-sm\" href=\"\/en\/products\/\">\n\t\t\t\t\t\t<span class=\"elementor-button-content-wrapper\">\n\t\t\t\t\t\t\t\t\t<span class=\"elementor-button-text\">To our products<\/span>\n\t\t\t\t\t<\/span>\n\t\t\t\t\t<\/a>\n\t\t\t\t<\/div>\n\t\t\t\t\t\t\t\t<\/div>\n\t\t\t\t<\/div>\n\t\t\t\t\t<\/div>\n\t\t<\/div>\n\t\t\t\t\t<\/div>\n\t\t<\/section>\n\t\t\t\t<section class=\"elementor-section elementor-top-section elementor-element elementor-element-7f35427 elementor-section-content-middle elementor-reverse-mobile elementor-section-boxed elementor-section-height-default elementor-section-height-default\" data-id=\"7f35427\" data-element_type=\"section\">\n\t\t\t\t\t\t<div class=\"elementor-container elementor-column-gap-default\">\n\t\t\t\t\t<div class=\"elementor-column elementor-col-50 elementor-top-column elementor-element elementor-element-174cb11\" data-id=\"174cb11\" data-element_type=\"column\">\n\t\t\t<div class=\"elementor-widget-wrap elementor-element-populated\">\n\t\t\t\t\t\t<div class=\"elementor-element elementor-element-34e6e88 elementor-widget elementor-widget-text-editor\" data-id=\"34e6e88\" data-element_type=\"widget\" data-widget_type=\"text-editor.default\">\n\t\t\t\t<div class=\"elementor-widget-container\">\n\t\t\t\t\t\t\t\t\t<h3>Flexible Color Design Thanks to our In-House Paint Shop<\/h3>\n<p>Thanks to our <strong>in-house paint shop<\/strong>, which works according to the latest technical and craft standards, we can <strong>design hands + clock parts individually according to customer requirements<\/strong>. This is how we offer maximum flexibility to meet every need. <\/p>\t\t\t\t\t\t\t\t<\/div>\n\t\t\t\t<\/div>\n\t\t\t\t<div class=\"elementor-element elementor-element-75e0aea elementor-align-left elementor-widget elementor-widget-button\" data-id=\"75e0aea\" data-element_type=\"widget\" data-widget_type=\"button.default\">\n\t\t\t\t<div class=\"elementor-widget-container\">\n\t\t\t\t\t\t\t\t\t<div class=\"elementor-button-wrapper\">\n\t\t\t\t\t<a class=\"elementor-button elementor-button-link elementor-size-sm\" href=\"\/en\/contact\/\">\n\t\t\t\t\t\t<span class=\"elementor-button-content-wrapper\">\n\t\t\t\t\t\t\t\t\t<span class=\"elementor-button-text\">Get in touch<\/span>\n\t\t\t\t\t<\/span>\n\t\t\t\t\t<\/a>\n\t\t\t\t<\/div>\n\t\t\t\t\t\t\t\t<\/div>\n\t\t\t\t<\/div>\n\t\t\t\t\t<\/div>\n\t\t<\/div>\n\t\t\t\t<div class=\"elementor-column elementor-col-50 elementor-top-column elementor-element elementor-element-fadd34b\" data-id=\"fadd34b\" data-element_type=\"column\">\n\t\t\t<div class=\"elementor-widget-wrap elementor-element-populated\">\n\t\t\t\t\t\t<div class=\"elementor-element elementor-element-669ec7c elementor-widget elementor-widget-image\" data-id=\"669ec7c\" data-element_type=\"widget\" data-widget_type=\"image.default\">\n\t\t\t\t<div class=\"elementor-widget-container\">\n\t\t\t\t\t\t\t\t\t\t\t\t\t\t\t<img decoding=\"async\" width=\"1000\" height=\"667\" src=\"https:\/\/schaer-clockhands.com\/wp-content\/uploads\/2023\/01\/Buerk_Manufaktur_3539.jpg\" class=\"attachment-large size-large wp-image-6947\" alt=\"\" srcset=\"https:\/\/schaer-clockhands.com\/wp-content\/uploads\/2023\/01\/Buerk_Manufaktur_3539.jpg 1000w, https:\/\/schaer-clockhands.com\/wp-content\/uploads\/2023\/01\/Buerk_Manufaktur_3539-300x200.jpg 300w, https:\/\/schaer-clockhands.com\/wp-content\/uploads\/2023\/01\/Buerk_Manufaktur_3539-768x512.jpg 768w\" sizes=\"(max-width: 1000px) 100vw, 1000px\" \/>\t\t\t\t\t\t\t\t\t\t\t\t\t\t\t<\/div>\n\t\t\t\t<\/div>\n\t\t\t\t\t<\/div>\n\t\t<\/div>\n\t\t\t\t\t<\/div>\n\t\t<\/section>\n\t\t\t\t<\/div>\n\t\t","protected":false},"excerpt":{"rendered":"<p>Sch\u00e4r Hands Precision and tradition since 1924 Precision and Tradition since 1924 As a family business, we have stood for the highest quality in the production of hands for over 100 years. Since 1926, we have concentrated on the precise manufacture of large clock hands, combining proven tradition with state-of-the-art technology. Our commitment to quality&hellip;<\/p>\n","protected":false},"author":2,"featured_media":0,"parent":0,"menu_order":0,"comment_status":"closed","ping_status":"closed","template":"","meta":{"footnotes":""},"class_list":["post-8259","page","type-page","status-publish","hentry"],"yoast_head":"<!-- This site is optimized with the Yoast SEO plugin v26.6 - https:\/\/yoast.com\/wordpress\/plugins\/seo\/ -->\n<title>About Us - Volker Sch\u00e4r - Zeiger, Uhrenteile &amp; Komponenten<\/title>\n<meta name=\"description\" content=\"History of Richard B\u00fcrk GmbH: Clockmaking tradition since 1698. Precision and innovation from the Black Forest - then as now.\" \/>\n<meta name=\"robots\" content=\"index, follow, max-snippet:-1, max-image-preview:large, max-video-preview:-1\" \/>\n<link rel=\"canonical\" href=\"https:\/\/schaer-clockhands.com\/en\/about-us\/\" \/>\n<meta property=\"og:locale\" content=\"en_US\" \/>\n<meta property=\"og:type\" content=\"article\" \/>\n<meta property=\"og:title\" content=\"About Us - Volker Sch\u00e4r - Zeiger, Uhrenteile &amp; Komponenten\" \/>\n<meta property=\"og:description\" content=\"History of Richard B\u00fcrk GmbH: Clockmaking tradition since 1698. Precision and innovation from the Black Forest - then as now.\" \/>\n<meta property=\"og:url\" content=\"https:\/\/schaer-clockhands.com\/en\/about-us\/\" \/>\n<meta property=\"og:site_name\" content=\"Volker Sch\u00e4r - Zeiger, Uhrenteile &amp; Komponenten\" \/>\n<meta property=\"article:modified_time\" content=\"2025-08-02T09:51:41+00:00\" \/>\n<meta property=\"og:image\" content=\"https:\/\/schaer-clockhands.com\/wp-content\/uploads\/2025\/02\/Buerk_Manufaktur_0988-scaled.jpg\" \/>\n\t<meta property=\"og:image:width\" content=\"2560\" \/>\n\t<meta property=\"og:image:height\" content=\"1707\" \/>\n\t<meta property=\"og:image:type\" content=\"image\/jpeg\" \/>\n<meta name=\"twitter:card\" content=\"summary_large_image\" \/>\n<meta name=\"twitter:label1\" content=\"Est. reading time\" \/>\n\t<meta name=\"twitter:data1\" content=\"2 minutes\" \/>\n<script type=\"application\/ld+json\" class=\"yoast-schema-graph\">{\"@context\":\"https:\/\/schema.org\",\"@graph\":[{\"@type\":\"WebPage\",\"@id\":\"https:\/\/schaer-clockhands.com\/en\/about-us\/\",\"url\":\"https:\/\/schaer-clockhands.com\/en\/about-us\/\",\"name\":\"About Us - Volker Sch\u00e4r - Zeiger, Uhrenteile &amp; Komponenten\",\"isPartOf\":{\"@id\":\"https:\/\/schaer-clockhands.com\/en\/#website\"},\"primaryImageOfPage\":{\"@id\":\"https:\/\/schaer-clockhands.com\/en\/about-us\/#primaryimage\"},\"image\":{\"@id\":\"https:\/\/schaer-clockhands.com\/en\/about-us\/#primaryimage\"},\"thumbnailUrl\":\"https:\/\/schaer-clockhands.com\/wp-content\/uploads\/2025\/02\/Buerk_Manufaktur_0988-1024x683.jpg\",\"datePublished\":\"2025-01-25T09:29:48+00:00\",\"dateModified\":\"2025-08-02T09:51:41+00:00\",\"description\":\"History of Richard B\u00fcrk GmbH: Clockmaking tradition since 1698. Precision and innovation from the Black Forest - then as now.\",\"breadcrumb\":{\"@id\":\"https:\/\/schaer-clockhands.com\/en\/about-us\/#breadcrumb\"},\"inLanguage\":\"en-US\",\"potentialAction\":[{\"@type\":\"ReadAction\",\"target\":[\"https:\/\/schaer-clockhands.com\/en\/about-us\/\"]}]},{\"@type\":\"ImageObject\",\"inLanguage\":\"en-US\",\"@id\":\"https:\/\/schaer-clockhands.com\/en\/about-us\/#primaryimage\",\"url\":\"https:\/\/schaer-clockhands.com\/wp-content\/uploads\/2025\/02\/Buerk_Manufaktur_0988-1024x683.jpg\",\"contentUrl\":\"https:\/\/schaer-clockhands.com\/wp-content\/uploads\/2025\/02\/Buerk_Manufaktur_0988-1024x683.jpg\"},{\"@type\":\"BreadcrumbList\",\"@id\":\"https:\/\/schaer-clockhands.com\/en\/about-us\/#breadcrumb\",\"itemListElement\":[{\"@type\":\"ListItem\",\"position\":1,\"name\":\"Startseite\",\"item\":\"https:\/\/schaer-clockhands.com\/en\/\"},{\"@type\":\"ListItem\",\"position\":2,\"name\":\"About Us\"}]},{\"@type\":\"WebSite\",\"@id\":\"https:\/\/schaer-clockhands.com\/en\/#website\",\"url\":\"https:\/\/schaer-clockhands.com\/en\/\",\"name\":\"Richard B\u00fcrk GmbH \u2013 Ma\u00dfgeschneiderte Uhren & Pr\u00e4zisionsteile aus eigener Produktion\",\"description\":\"Sch\u00e4r Zeiger in Villingen-Schwenningen: Gro\u00dfuhrenzeiger, Standard- und Sonderanfertigungen seit 1926\",\"publisher\":{\"@id\":\"https:\/\/schaer-clockhands.com\/en\/#organization\"},\"potentialAction\":[{\"@type\":\"SearchAction\",\"target\":{\"@type\":\"EntryPoint\",\"urlTemplate\":\"https:\/\/schaer-clockhands.com\/en\/?s={search_term_string}\"},\"query-input\":{\"@type\":\"PropertyValueSpecification\",\"valueRequired\":true,\"valueName\":\"search_term_string\"}}],\"inLanguage\":\"en-US\"},{\"@type\":\"Organization\",\"@id\":\"https:\/\/schaer-clockhands.com\/en\/#organization\",\"name\":\"Richard B\u00fcrk GmbH\",\"url\":\"https:\/\/schaer-clockhands.com\/en\/\",\"logo\":{\"@type\":\"ImageObject\",\"inLanguage\":\"en-US\",\"@id\":\"https:\/\/schaer-clockhands.com\/en\/#\/schema\/logo\/image\/\",\"url\":\"https:\/\/schaer-clockhands.com\/wp-content\/uploads\/2023\/01\/buer_1698_logo_500.png\",\"contentUrl\":\"https:\/\/schaer-clockhands.com\/wp-content\/uploads\/2023\/01\/buer_1698_logo_500.png\",\"width\":500,\"height\":488,\"caption\":\"Richard B\u00fcrk GmbH\"},\"image\":{\"@id\":\"https:\/\/schaer-clockhands.com\/en\/#\/schema\/logo\/image\/\"},\"sameAs\":[\"https:\/\/www.instagram.com\/richard_buerk_gmbh\/\"]}]}<\/script>\n<!-- \/ Yoast SEO plugin. -->","yoast_head_json":{"title":"About Us - Volker Sch\u00e4r - Zeiger, Uhrenteile &amp; Komponenten","description":"History of Richard B\u00fcrk GmbH: Clockmaking tradition since 1698. Precision and innovation from the Black Forest - then as now.","robots":{"index":"index","follow":"follow","max-snippet":"max-snippet:-1","max-image-preview":"max-image-preview:large","max-video-preview":"max-video-preview:-1"},"canonical":"https:\/\/schaer-clockhands.com\/en\/about-us\/","og_locale":"en_US","og_type":"article","og_title":"About Us - Volker Sch\u00e4r - Zeiger, Uhrenteile &amp; Komponenten","og_description":"History of Richard B\u00fcrk GmbH: Clockmaking tradition since 1698. Precision and innovation from the Black Forest - then as now.","og_url":"https:\/\/schaer-clockhands.com\/en\/about-us\/","og_site_name":"Volker Sch\u00e4r - Zeiger, Uhrenteile &amp; Komponenten","article_modified_time":"2025-08-02T09:51:41+00:00","og_image":[{"width":2560,"height":1707,"url":"https:\/\/schaer-clockhands.com\/wp-content\/uploads\/2025\/02\/Buerk_Manufaktur_0988-scaled.jpg","type":"image\/jpeg"}],"twitter_card":"summary_large_image","twitter_misc":{"Est. reading time":"2 minutes"},"schema":{"@context":"https:\/\/schema.org","@graph":[{"@type":"WebPage","@id":"https:\/\/schaer-clockhands.com\/en\/about-us\/","url":"https:\/\/schaer-clockhands.com\/en\/about-us\/","name":"About Us - Volker Sch\u00e4r - Zeiger, Uhrenteile &amp; Komponenten","isPartOf":{"@id":"https:\/\/schaer-clockhands.com\/en\/#website"},"primaryImageOfPage":{"@id":"https:\/\/schaer-clockhands.com\/en\/about-us\/#primaryimage"},"image":{"@id":"https:\/\/schaer-clockhands.com\/en\/about-us\/#primaryimage"},"thumbnailUrl":"https:\/\/schaer-clockhands.com\/wp-content\/uploads\/2025\/02\/Buerk_Manufaktur_0988-1024x683.jpg","datePublished":"2025-01-25T09:29:48+00:00","dateModified":"2025-08-02T09:51:41+00:00","description":"History of Richard B\u00fcrk GmbH: Clockmaking tradition since 1698. Precision and innovation from the Black Forest - then as now.","breadcrumb":{"@id":"https:\/\/schaer-clockhands.com\/en\/about-us\/#breadcrumb"},"inLanguage":"en-US","potentialAction":[{"@type":"ReadAction","target":["https:\/\/schaer-clockhands.com\/en\/about-us\/"]}]},{"@type":"ImageObject","inLanguage":"en-US","@id":"https:\/\/schaer-clockhands.com\/en\/about-us\/#primaryimage","url":"https:\/\/schaer-clockhands.com\/wp-content\/uploads\/2025\/02\/Buerk_Manufaktur_0988-1024x683.jpg","contentUrl":"https:\/\/schaer-clockhands.com\/wp-content\/uploads\/2025\/02\/Buerk_Manufaktur_0988-1024x683.jpg"},{"@type":"BreadcrumbList","@id":"https:\/\/schaer-clockhands.com\/en\/about-us\/#breadcrumb","itemListElement":[{"@type":"ListItem","position":1,"name":"Startseite","item":"https:\/\/schaer-clockhands.com\/en\/"},{"@type":"ListItem","position":2,"name":"About Us"}]},{"@type":"WebSite","@id":"https:\/\/schaer-clockhands.com\/en\/#website","url":"https:\/\/schaer-clockhands.com\/en\/","name":"Richard B\u00fcrk GmbH \u2013 Ma\u00dfgeschneiderte Uhren & Pr\u00e4zisionsteile aus eigener Produktion","description":"Sch\u00e4r Zeiger in Villingen-Schwenningen: Gro\u00dfuhrenzeiger, Standard- und Sonderanfertigungen seit 1926","publisher":{"@id":"https:\/\/schaer-clockhands.com\/en\/#organization"},"potentialAction":[{"@type":"SearchAction","target":{"@type":"EntryPoint","urlTemplate":"https:\/\/schaer-clockhands.com\/en\/?s={search_term_string}"},"query-input":{"@type":"PropertyValueSpecification","valueRequired":true,"valueName":"search_term_string"}}],"inLanguage":"en-US"},{"@type":"Organization","@id":"https:\/\/schaer-clockhands.com\/en\/#organization","name":"Richard B\u00fcrk GmbH","url":"https:\/\/schaer-clockhands.com\/en\/","logo":{"@type":"ImageObject","inLanguage":"en-US","@id":"https:\/\/schaer-clockhands.com\/en\/#\/schema\/logo\/image\/","url":"https:\/\/schaer-clockhands.com\/wp-content\/uploads\/2023\/01\/buer_1698_logo_500.png","contentUrl":"https:\/\/schaer-clockhands.com\/wp-content\/uploads\/2023\/01\/buer_1698_logo_500.png","width":500,"height":488,"caption":"Richard B\u00fcrk GmbH"},"image":{"@id":"https:\/\/schaer-clockhands.com\/en\/#\/schema\/logo\/image\/"},"sameAs":["https:\/\/www.instagram.com\/richard_buerk_gmbh\/"]}]}},"_links":{"self":[{"href":"https:\/\/schaer-clockhands.com\/en\/wp-json\/wp\/v2\/pages\/8259","targetHints":{"allow":["GET"]}}],"collection":[{"href":"https:\/\/schaer-clockhands.com\/en\/wp-json\/wp\/v2\/pages"}],"about":[{"href":"https:\/\/schaer-clockhands.com\/en\/wp-json\/wp\/v2\/types\/page"}],"author":[{"embeddable":true,"href":"https:\/\/schaer-clockhands.com\/en\/wp-json\/wp\/v2\/users\/2"}],"replies":[{"embeddable":true,"href":"https:\/\/schaer-clockhands.com\/en\/wp-json\/wp\/v2\/comments?post=8259"}],"version-history":[{"count":4,"href":"https:\/\/schaer-clockhands.com\/en\/wp-json\/wp\/v2\/pages\/8259\/revisions"}],"predecessor-version":[{"id":8301,"href":"https:\/\/schaer-clockhands.com\/en\/wp-json\/wp\/v2\/pages\/8259\/revisions\/8301"}],"wp:attachment":[{"href":"https:\/\/schaer-clockhands.com\/en\/wp-json\/wp\/v2\/media?parent=8259"}],"curies":[{"name":"wp","href":"https:\/\/api.w.org\/{rel}","templated":true}]}}