{"id":8283,"date":"2025-01-25T10:29:48","date_gmt":"2025-01-25T09:29:48","guid":{"rendered":"https:\/\/schaer-clockhands.com\/a-propos-de-nous\/"},"modified":"2025-08-02T12:52:00","modified_gmt":"2025-08-02T10:52:00","slug":"a-propos-de-nous","status":"publish","type":"page","link":"https:\/\/schaer-clockhands.com\/fr\/a-propos-de-nous\/","title":{"rendered":"\u00c0 propos de nous"},"content":{"rendered":"\t\t<div data-elementor-type=\"wp-page\" data-elementor-id=\"8283\" class=\"elementor elementor-8283 elementor-6959\" data-elementor-post-type=\"page\">\n\t\t\t\t\t\t<section class=\"elementor-section elementor-top-section elementor-element elementor-element-c845fc4 elementor-section-boxed elementor-section-height-default elementor-section-height-default\" data-id=\"c845fc4\" data-element_type=\"section\">\n\t\t\t\t\t\t<div class=\"elementor-container elementor-column-gap-no\">\n\t\t\t\t\t<div class=\"elementor-column elementor-col-100 elementor-top-column elementor-element elementor-element-1b17a8b\" data-id=\"1b17a8b\" data-element_type=\"column\">\n\t\t\t<div class=\"elementor-widget-wrap elementor-element-populated\">\n\t\t\t\t\t\t<div class=\"elementor-element elementor-element-4ee7ad9 elementor-widget elementor-widget-heading\" data-id=\"4ee7ad9\" data-element_type=\"widget\" data-widget_type=\"heading.default\">\n\t\t\t\t<div class=\"elementor-widget-container\">\n\t\t\t\t\t<h1 class=\"elementor-heading-title elementor-size-default\">Aiguilles Sch\u00e4r<\/h1>\t\t\t\t<\/div>\n\t\t\t\t<\/div>\n\t\t\t\t<div class=\"elementor-element elementor-element-46d6919 elementor-widget elementor-widget-heading\" data-id=\"46d6919\" data-element_type=\"widget\" data-widget_type=\"heading.default\">\n\t\t\t\t<div class=\"elementor-widget-container\">\n\t\t\t\t\t<h2 class=\"elementor-heading-title elementor-size-default\">Pr\u00e9cision et tradition depuis 1924<\/h2>\t\t\t\t<\/div>\n\t\t\t\t<\/div>\n\t\t\t\t\t<\/div>\n\t\t<\/div>\n\t\t\t\t\t<\/div>\n\t\t<\/section>\n\t\t\t\t<section class=\"elementor-section elementor-top-section elementor-element elementor-element-28ed492 elementor-section-content-middle elementor-reverse-mobile elementor-section-boxed elementor-section-height-default elementor-section-height-default\" data-id=\"28ed492\" data-element_type=\"section\">\n\t\t\t\t\t\t<div class=\"elementor-container elementor-column-gap-default\">\n\t\t\t\t\t<div class=\"elementor-column elementor-col-50 elementor-top-column elementor-element elementor-element-53332fc\" data-id=\"53332fc\" data-element_type=\"column\">\n\t\t\t<div class=\"elementor-widget-wrap elementor-element-populated\">\n\t\t\t\t\t\t<div class=\"elementor-element elementor-element-8251316 elementor-widget elementor-widget-text-editor\" data-id=\"8251316\" data-element_type=\"widget\" data-widget_type=\"text-editor.default\">\n\t\t\t\t<div class=\"elementor-widget-container\">\n\t\t\t\t\t\t\t\t\t<h3>Pr\u00e9cision et tradition depuis 1924<\/h3><p>En tant qu&rsquo;<strong>entreprise familiale<\/strong>, nous sommes synonymes de qualit\u00e9 sup\u00e9rieure dans la fabrication d&rsquo;aiguilles depuis plus de 100 ans. Depuis <strong>1926<\/strong>, nous nous concentrons sur la <strong>fabrication sur mesure d&rsquo;aiguilles de grandes horloges<\/strong>, en combinant tradition \u00e9prouv\u00e9e et technologie de pointe. <\/p><p>Notre exigence de qualit\u00e9 se refl\u00e8te dans chaque d\u00e9tail : <strong>selon le domaine d&rsquo;application, nous misons soit sur des technologies de fabrication ultramodernes, soit sur nos propres constructions sp\u00e9cialement d\u00e9velopp\u00e9es<\/strong>, qui permettent un travail particuli\u00e8rement pr\u00e9cis.<\/p>\t\t\t\t\t\t\t\t<\/div>\n\t\t\t\t<\/div>\n\t\t\t\t<div class=\"elementor-element elementor-element-5f1a8af elementor-align-left elementor-widget elementor-widget-button\" data-id=\"5f1a8af\" data-element_type=\"widget\" data-widget_type=\"button.default\">\n\t\t\t\t<div class=\"elementor-widget-container\">\n\t\t\t\t\t\t\t\t\t<div class=\"elementor-button-wrapper\">\n\t\t\t\t\t<a class=\"elementor-button elementor-button-link elementor-size-sm\" href=\"\/fr\/production\/\">\n\t\t\t\t\t\t<span class=\"elementor-button-content-wrapper\">\n\t\t\t\t\t\t\t\t\t<span class=\"elementor-button-text\">En savoir plus sur notre production<\/span>\n\t\t\t\t\t<\/span>\n\t\t\t\t\t<\/a>\n\t\t\t\t<\/div>\n\t\t\t\t\t\t\t\t<\/div>\n\t\t\t\t<\/div>\n\t\t\t\t\t<\/div>\n\t\t<\/div>\n\t\t\t\t<div class=\"elementor-column elementor-col-50 elementor-top-column elementor-element elementor-element-f1141ad\" data-id=\"f1141ad\" data-element_type=\"column\">\n\t\t\t<div class=\"elementor-widget-wrap elementor-element-populated\">\n\t\t\t\t\t\t<div class=\"elementor-element elementor-element-f989c2b elementor-widget elementor-widget-image\" data-id=\"f989c2b\" data-element_type=\"widget\" data-widget_type=\"image.default\">\n\t\t\t\t<div class=\"elementor-widget-container\">\n\t\t\t\t\t\t\t\t\t\t\t\t\t\t\t<img fetchpriority=\"high\" decoding=\"async\" width=\"1024\" height=\"683\" src=\"https:\/\/schaer-clockhands.com\/wp-content\/uploads\/2025\/02\/Buerk_Manufaktur_0988-1024x683.jpg\" class=\"attachment-large size-large wp-image-7675\" alt=\"\" srcset=\"https:\/\/schaer-clockhands.com\/wp-content\/uploads\/2025\/02\/Buerk_Manufaktur_0988-1024x683.jpg 1024w, https:\/\/schaer-clockhands.com\/wp-content\/uploads\/2025\/02\/Buerk_Manufaktur_0988-300x200.jpg 300w, https:\/\/schaer-clockhands.com\/wp-content\/uploads\/2025\/02\/Buerk_Manufaktur_0988-768x512.jpg 768w, https:\/\/schaer-clockhands.com\/wp-content\/uploads\/2025\/02\/Buerk_Manufaktur_0988-1536x1024.jpg 1536w, https:\/\/schaer-clockhands.com\/wp-content\/uploads\/2025\/02\/Buerk_Manufaktur_0988-2048x1365.jpg 2048w\" sizes=\"(max-width: 1024px) 100vw, 1024px\" \/>\t\t\t\t\t\t\t\t\t\t\t\t\t\t\t<\/div>\n\t\t\t\t<\/div>\n\t\t\t\t\t<\/div>\n\t\t<\/div>\n\t\t\t\t\t<\/div>\n\t\t<\/section>\n\t\t\t\t<section class=\"elementor-section elementor-top-section elementor-element elementor-element-e152702 elementor-section-content-middle elementor-section-boxed elementor-section-height-default elementor-section-height-default\" data-id=\"e152702\" data-element_type=\"section\">\n\t\t\t\t\t\t<div class=\"elementor-container elementor-column-gap-default\">\n\t\t\t\t\t<div class=\"elementor-column elementor-col-50 elementor-top-column elementor-element elementor-element-c082583\" data-id=\"c082583\" data-element_type=\"column\">\n\t\t\t<div class=\"elementor-widget-wrap elementor-element-populated\">\n\t\t\t\t\t\t<div class=\"elementor-element elementor-element-975097e elementor-widget elementor-widget-image\" data-id=\"975097e\" data-element_type=\"widget\" data-widget_type=\"image.default\">\n\t\t\t\t<div class=\"elementor-widget-container\">\n\t\t\t\t\t\t\t\t\t\t\t\t\t\t\t<img decoding=\"async\" width=\"1000\" height=\"667\" src=\"https:\/\/schaer-clockhands.com\/wp-content\/uploads\/2023\/01\/Buerk_Manufaktur_0696.jpg\" class=\"attachment-large size-large wp-image-6944\" alt=\"\" srcset=\"https:\/\/schaer-clockhands.com\/wp-content\/uploads\/2023\/01\/Buerk_Manufaktur_0696.jpg 1000w, https:\/\/schaer-clockhands.com\/wp-content\/uploads\/2023\/01\/Buerk_Manufaktur_0696-300x200.jpg 300w, https:\/\/schaer-clockhands.com\/wp-content\/uploads\/2023\/01\/Buerk_Manufaktur_0696-768x512.jpg 768w\" sizes=\"(max-width: 1000px) 100vw, 1000px\" \/>\t\t\t\t\t\t\t\t\t\t\t\t\t\t\t<\/div>\n\t\t\t\t<\/div>\n\t\t\t\t\t<\/div>\n\t\t<\/div>\n\t\t\t\t<div class=\"elementor-column elementor-col-50 elementor-top-column elementor-element elementor-element-885f0e2\" data-id=\"885f0e2\" data-element_type=\"column\">\n\t\t\t<div class=\"elementor-widget-wrap elementor-element-populated\">\n\t\t\t\t\t\t<div class=\"elementor-element elementor-element-7f240a2 elementor-widget elementor-widget-text-editor\" data-id=\"7f240a2\" data-element_type=\"widget\" data-widget_type=\"text-editor.default\">\n\t\t\t\t<div class=\"elementor-widget-container\">\n\t\t\t\t\t\t\t\t\t<h3>Diversit\u00e9 + Pr\u00e9cision \u2013 Notre gamme<\/h3><p>Notre <strong>programme standard comprend plus de 1 000 formes de base diff\u00e9rentes<\/strong> \u2013 dans une plage de <strong>6 mm \u00e0 &gt;600 mm de longueur.<\/strong><\/p><p><strong>Un catalogue ?<\/strong> <br>Vous pouvez consulter + obtenir nos mod\u00e8les sous <strong>forme imprim\u00e9e, sur CD-ROM ou dans une version num\u00e9rique<\/strong>.<\/p><p><strong>Des souhaits individuels ?<\/strong> <br>Outre nos mod\u00e8les standard, nous fabriquons \u00e9galement des <strong>fabrications sp\u00e9ciales dans toutes les tailles et avec des designs individuels.<\/strong> Votre souhait particulier est pour nous un d\u00e9fi que nous relevons pour vous avec la plus haute conscience de la qualit\u00e9.<\/p><p>N&rsquo;h\u00e9sitez pas \u00e0 nous faire part de vos souhaits et suggestions !<\/p>\t\t\t\t\t\t\t\t<\/div>\n\t\t\t\t<\/div>\n\t\t\t\t<div class=\"elementor-element elementor-element-a54126a elementor-align-left elementor-widget elementor-widget-button\" data-id=\"a54126a\" data-element_type=\"widget\" data-widget_type=\"button.default\">\n\t\t\t\t<div class=\"elementor-widget-container\">\n\t\t\t\t\t\t\t\t\t<div class=\"elementor-button-wrapper\">\n\t\t\t\t\t<a class=\"elementor-button elementor-button-link elementor-size-sm\" href=\"\/fr\/produits\/\">\n\t\t\t\t\t\t<span class=\"elementor-button-content-wrapper\">\n\t\t\t\t\t\t\t\t\t<span class=\"elementor-button-text\">Vers nos produits<\/span>\n\t\t\t\t\t<\/span>\n\t\t\t\t\t<\/a>\n\t\t\t\t<\/div>\n\t\t\t\t\t\t\t\t<\/div>\n\t\t\t\t<\/div>\n\t\t\t\t\t<\/div>\n\t\t<\/div>\n\t\t\t\t\t<\/div>\n\t\t<\/section>\n\t\t\t\t<section class=\"elementor-section elementor-top-section elementor-element elementor-element-7f35427 elementor-section-content-middle elementor-reverse-mobile elementor-section-boxed elementor-section-height-default elementor-section-height-default\" data-id=\"7f35427\" data-element_type=\"section\">\n\t\t\t\t\t\t<div class=\"elementor-container elementor-column-gap-default\">\n\t\t\t\t\t<div class=\"elementor-column elementor-col-50 elementor-top-column elementor-element elementor-element-174cb11\" data-id=\"174cb11\" data-element_type=\"column\">\n\t\t\t<div class=\"elementor-widget-wrap elementor-element-populated\">\n\t\t\t\t\t\t<div class=\"elementor-element elementor-element-34e6e88 elementor-widget elementor-widget-text-editor\" data-id=\"34e6e88\" data-element_type=\"widget\" data-widget_type=\"text-editor.default\">\n\t\t\t\t<div class=\"elementor-widget-container\">\n\t\t\t\t\t\t\t\t\t<h3>Coloration flexible gr\u00e2ce \u00e0 notre propre atelier de peinture<\/h3>\n<p>Gr\u00e2ce \u00e0 notre <strong>propre atelier de peinture<\/strong>, qui travaille selon les normes techniques et artisanales les plus r\u00e9centes, nous pouvons <strong>concevoir des aiguilles + des pi\u00e8ces d&rsquo;horlogerie individuellement selon les souhaits du client<\/strong>. Nous offrons ainsi une flexibilit\u00e9 maximale pour r\u00e9pondre \u00e0 tous les besoins. <\/p>\t\t\t\t\t\t\t\t<\/div>\n\t\t\t\t<\/div>\n\t\t\t\t<div class=\"elementor-element elementor-element-75e0aea elementor-align-left elementor-widget elementor-widget-button\" data-id=\"75e0aea\" data-element_type=\"widget\" data-widget_type=\"button.default\">\n\t\t\t\t<div class=\"elementor-widget-container\">\n\t\t\t\t\t\t\t\t\t<div class=\"elementor-button-wrapper\">\n\t\t\t\t\t<a class=\"elementor-button elementor-button-link elementor-size-sm\" href=\"\/fr\/contact\/\">\n\t\t\t\t\t\t<span class=\"elementor-button-content-wrapper\">\n\t\t\t\t\t\t\t\t\t<span class=\"elementor-button-text\">Nous contacter<\/span>\n\t\t\t\t\t<\/span>\n\t\t\t\t\t<\/a>\n\t\t\t\t<\/div>\n\t\t\t\t\t\t\t\t<\/div>\n\t\t\t\t<\/div>\n\t\t\t\t\t<\/div>\n\t\t<\/div>\n\t\t\t\t<div class=\"elementor-column elementor-col-50 elementor-top-column elementor-element elementor-element-fadd34b\" data-id=\"fadd34b\" data-element_type=\"column\">\n\t\t\t<div class=\"elementor-widget-wrap elementor-element-populated\">\n\t\t\t\t\t\t<div class=\"elementor-element elementor-element-669ec7c elementor-widget elementor-widget-image\" data-id=\"669ec7c\" data-element_type=\"widget\" data-widget_type=\"image.default\">\n\t\t\t\t<div class=\"elementor-widget-container\">\n\t\t\t\t\t\t\t\t\t\t\t\t\t\t\t<img decoding=\"async\" width=\"1000\" height=\"667\" src=\"https:\/\/schaer-clockhands.com\/wp-content\/uploads\/2023\/01\/Buerk_Manufaktur_3539.jpg\" class=\"attachment-large size-large wp-image-6948\" alt=\"\" srcset=\"https:\/\/schaer-clockhands.com\/wp-content\/uploads\/2023\/01\/Buerk_Manufaktur_3539.jpg 1000w, https:\/\/schaer-clockhands.com\/wp-content\/uploads\/2023\/01\/Buerk_Manufaktur_3539-300x200.jpg 300w, https:\/\/schaer-clockhands.com\/wp-content\/uploads\/2023\/01\/Buerk_Manufaktur_3539-768x512.jpg 768w\" sizes=\"(max-width: 1000px) 100vw, 1000px\" \/>\t\t\t\t\t\t\t\t\t\t\t\t\t\t\t<\/div>\n\t\t\t\t<\/div>\n\t\t\t\t\t<\/div>\n\t\t<\/div>\n\t\t\t\t\t<\/div>\n\t\t<\/section>\n\t\t\t\t<\/div>\n\t\t","protected":false},"excerpt":{"rendered":"<p>Aiguilles Sch\u00e4r Pr\u00e9cision et tradition depuis 1924 Pr\u00e9cision et tradition depuis 1924 En tant qu&rsquo;entreprise familiale, nous sommes synonymes de qualit\u00e9 sup\u00e9rieure dans la fabrication d&rsquo;aiguilles depuis plus de 100 ans. Depuis 1926, nous nous concentrons sur la fabrication sur mesure d&rsquo;aiguilles de grandes horloges, en combinant tradition \u00e9prouv\u00e9e et technologie de pointe. Notre exigence&hellip;<\/p>\n","protected":false},"author":2,"featured_media":0,"parent":0,"menu_order":0,"comment_status":"closed","ping_status":"closed","template":"","meta":{"footnotes":""},"class_list":["post-8283","page","type-page","status-publish","hentry"],"yoast_head":"<!-- This site is optimized with the Yoast SEO plugin v26.6 - https:\/\/yoast.com\/wordpress\/plugins\/seo\/ -->\n<title>\u00c0 propos de nous - Volker Sch\u00e4r - Zeiger, Uhrenteile &amp; Komponenten<\/title>\n<meta name=\"description\" content=\"Histoire de Richard B\u00fcrk GmbH : tradition horlog\u00e8re depuis 1698. Pr\u00e9cision et innovation de la For\u00eat-Noire \u2013 hier comme aujourd&#039;hui.\" \/>\n<meta name=\"robots\" content=\"index, follow, max-snippet:-1, max-image-preview:large, max-video-preview:-1\" \/>\n<link rel=\"canonical\" href=\"https:\/\/schaer-clockhands.com\/fr\/a-propos-de-nous\/\" \/>\n<meta property=\"og:locale\" content=\"fr_FR\" \/>\n<meta property=\"og:type\" content=\"article\" \/>\n<meta property=\"og:title\" content=\"\u00c0 propos de nous - Volker Sch\u00e4r - Zeiger, Uhrenteile &amp; Komponenten\" \/>\n<meta property=\"og:description\" content=\"Histoire de Richard B\u00fcrk GmbH : tradition horlog\u00e8re depuis 1698. Pr\u00e9cision et innovation de la For\u00eat-Noire \u2013 hier comme aujourd&#039;hui.\" \/>\n<meta property=\"og:url\" content=\"https:\/\/schaer-clockhands.com\/fr\/a-propos-de-nous\/\" \/>\n<meta property=\"og:site_name\" content=\"Volker Sch\u00e4r - Zeiger, Uhrenteile &amp; Komponenten\" \/>\n<meta property=\"article:modified_time\" content=\"2025-08-02T10:52:00+00:00\" \/>\n<meta property=\"og:image\" content=\"https:\/\/schaer-clockhands.com\/wp-content\/uploads\/2025\/02\/Buerk_Manufaktur_0988-scaled.jpg\" \/>\n\t<meta property=\"og:image:width\" content=\"2560\" \/>\n\t<meta property=\"og:image:height\" content=\"1707\" \/>\n\t<meta property=\"og:image:type\" content=\"image\/jpeg\" \/>\n<meta name=\"twitter:card\" content=\"summary_large_image\" \/>\n<meta name=\"twitter:label1\" content=\"Dur\u00e9e de lecture estim\u00e9e\" \/>\n\t<meta name=\"twitter:data1\" content=\"2 minutes\" \/>\n<script type=\"application\/ld+json\" class=\"yoast-schema-graph\">{\"@context\":\"https:\/\/schema.org\",\"@graph\":[{\"@type\":\"WebPage\",\"@id\":\"https:\/\/schaer-clockhands.com\/fr\/a-propos-de-nous\/\",\"url\":\"https:\/\/schaer-clockhands.com\/fr\/a-propos-de-nous\/\",\"name\":\"\u00c0 propos de nous - Volker Sch\u00e4r - Zeiger, Uhrenteile &amp; Komponenten\",\"isPartOf\":{\"@id\":\"https:\/\/schaer-clockhands.com\/fr\/#website\"},\"primaryImageOfPage\":{\"@id\":\"https:\/\/schaer-clockhands.com\/fr\/a-propos-de-nous\/#primaryimage\"},\"image\":{\"@id\":\"https:\/\/schaer-clockhands.com\/fr\/a-propos-de-nous\/#primaryimage\"},\"thumbnailUrl\":\"https:\/\/schaer-clockhands.com\/wp-content\/uploads\/2025\/02\/Buerk_Manufaktur_0988-1024x683.jpg\",\"datePublished\":\"2025-01-25T09:29:48+00:00\",\"dateModified\":\"2025-08-02T10:52:00+00:00\",\"description\":\"Histoire de Richard B\u00fcrk GmbH : tradition horlog\u00e8re depuis 1698. Pr\u00e9cision et innovation de la For\u00eat-Noire \u2013 hier comme aujourd'hui.\",\"breadcrumb\":{\"@id\":\"https:\/\/schaer-clockhands.com\/fr\/a-propos-de-nous\/#breadcrumb\"},\"inLanguage\":\"fr-FR\",\"potentialAction\":[{\"@type\":\"ReadAction\",\"target\":[\"https:\/\/schaer-clockhands.com\/fr\/a-propos-de-nous\/\"]}]},{\"@type\":\"ImageObject\",\"inLanguage\":\"fr-FR\",\"@id\":\"https:\/\/schaer-clockhands.com\/fr\/a-propos-de-nous\/#primaryimage\",\"url\":\"https:\/\/schaer-clockhands.com\/wp-content\/uploads\/2025\/02\/Buerk_Manufaktur_0988-1024x683.jpg\",\"contentUrl\":\"https:\/\/schaer-clockhands.com\/wp-content\/uploads\/2025\/02\/Buerk_Manufaktur_0988-1024x683.jpg\"},{\"@type\":\"BreadcrumbList\",\"@id\":\"https:\/\/schaer-clockhands.com\/fr\/a-propos-de-nous\/#breadcrumb\",\"itemListElement\":[{\"@type\":\"ListItem\",\"position\":1,\"name\":\"Startseite\",\"item\":\"https:\/\/schaer-clockhands.com\/fr\/\"},{\"@type\":\"ListItem\",\"position\":2,\"name\":\"\u00c0 propos de nous\"}]},{\"@type\":\"WebSite\",\"@id\":\"https:\/\/schaer-clockhands.com\/fr\/#website\",\"url\":\"https:\/\/schaer-clockhands.com\/fr\/\",\"name\":\"Richard B\u00fcrk GmbH \u2013 Ma\u00dfgeschneiderte Uhren & Pr\u00e4zisionsteile aus eigener Produktion\",\"description\":\"Sch\u00e4r Zeiger in Villingen-Schwenningen: Gro\u00dfuhrenzeiger, Standard- und Sonderanfertigungen seit 1926\",\"publisher\":{\"@id\":\"https:\/\/schaer-clockhands.com\/fr\/#organization\"},\"potentialAction\":[{\"@type\":\"SearchAction\",\"target\":{\"@type\":\"EntryPoint\",\"urlTemplate\":\"https:\/\/schaer-clockhands.com\/fr\/?s={search_term_string}\"},\"query-input\":{\"@type\":\"PropertyValueSpecification\",\"valueRequired\":true,\"valueName\":\"search_term_string\"}}],\"inLanguage\":\"fr-FR\"},{\"@type\":\"Organization\",\"@id\":\"https:\/\/schaer-clockhands.com\/fr\/#organization\",\"name\":\"Richard B\u00fcrk GmbH\",\"url\":\"https:\/\/schaer-clockhands.com\/fr\/\",\"logo\":{\"@type\":\"ImageObject\",\"inLanguage\":\"fr-FR\",\"@id\":\"https:\/\/schaer-clockhands.com\/fr\/#\/schema\/logo\/image\/\",\"url\":\"https:\/\/schaer-clockhands.com\/wp-content\/uploads\/2023\/01\/buer_1698_logo_500.png\",\"contentUrl\":\"https:\/\/schaer-clockhands.com\/wp-content\/uploads\/2023\/01\/buer_1698_logo_500.png\",\"width\":500,\"height\":488,\"caption\":\"Richard B\u00fcrk GmbH\"},\"image\":{\"@id\":\"https:\/\/schaer-clockhands.com\/fr\/#\/schema\/logo\/image\/\"},\"sameAs\":[\"https:\/\/www.instagram.com\/richard_buerk_gmbh\/\"]}]}<\/script>\n<!-- \/ Yoast SEO plugin. -->","yoast_head_json":{"title":"\u00c0 propos de nous - Volker Sch\u00e4r - Zeiger, Uhrenteile &amp; Komponenten","description":"Histoire de Richard B\u00fcrk GmbH : tradition horlog\u00e8re depuis 1698. Pr\u00e9cision et innovation de la For\u00eat-Noire \u2013 hier comme aujourd'hui.","robots":{"index":"index","follow":"follow","max-snippet":"max-snippet:-1","max-image-preview":"max-image-preview:large","max-video-preview":"max-video-preview:-1"},"canonical":"https:\/\/schaer-clockhands.com\/fr\/a-propos-de-nous\/","og_locale":"fr_FR","og_type":"article","og_title":"\u00c0 propos de nous - Volker Sch\u00e4r - Zeiger, Uhrenteile &amp; Komponenten","og_description":"Histoire de Richard B\u00fcrk GmbH : tradition horlog\u00e8re depuis 1698. Pr\u00e9cision et innovation de la For\u00eat-Noire \u2013 hier comme aujourd'hui.","og_url":"https:\/\/schaer-clockhands.com\/fr\/a-propos-de-nous\/","og_site_name":"Volker Sch\u00e4r - Zeiger, Uhrenteile &amp; Komponenten","article_modified_time":"2025-08-02T10:52:00+00:00","og_image":[{"width":2560,"height":1707,"url":"https:\/\/schaer-clockhands.com\/wp-content\/uploads\/2025\/02\/Buerk_Manufaktur_0988-scaled.jpg","type":"image\/jpeg"}],"twitter_card":"summary_large_image","twitter_misc":{"Dur\u00e9e de lecture estim\u00e9e":"2 minutes"},"schema":{"@context":"https:\/\/schema.org","@graph":[{"@type":"WebPage","@id":"https:\/\/schaer-clockhands.com\/fr\/a-propos-de-nous\/","url":"https:\/\/schaer-clockhands.com\/fr\/a-propos-de-nous\/","name":"\u00c0 propos de nous - Volker Sch\u00e4r - Zeiger, Uhrenteile &amp; Komponenten","isPartOf":{"@id":"https:\/\/schaer-clockhands.com\/fr\/#website"},"primaryImageOfPage":{"@id":"https:\/\/schaer-clockhands.com\/fr\/a-propos-de-nous\/#primaryimage"},"image":{"@id":"https:\/\/schaer-clockhands.com\/fr\/a-propos-de-nous\/#primaryimage"},"thumbnailUrl":"https:\/\/schaer-clockhands.com\/wp-content\/uploads\/2025\/02\/Buerk_Manufaktur_0988-1024x683.jpg","datePublished":"2025-01-25T09:29:48+00:00","dateModified":"2025-08-02T10:52:00+00:00","description":"Histoire de Richard B\u00fcrk GmbH : tradition horlog\u00e8re depuis 1698. Pr\u00e9cision et innovation de la For\u00eat-Noire \u2013 hier comme aujourd'hui.","breadcrumb":{"@id":"https:\/\/schaer-clockhands.com\/fr\/a-propos-de-nous\/#breadcrumb"},"inLanguage":"fr-FR","potentialAction":[{"@type":"ReadAction","target":["https:\/\/schaer-clockhands.com\/fr\/a-propos-de-nous\/"]}]},{"@type":"ImageObject","inLanguage":"fr-FR","@id":"https:\/\/schaer-clockhands.com\/fr\/a-propos-de-nous\/#primaryimage","url":"https:\/\/schaer-clockhands.com\/wp-content\/uploads\/2025\/02\/Buerk_Manufaktur_0988-1024x683.jpg","contentUrl":"https:\/\/schaer-clockhands.com\/wp-content\/uploads\/2025\/02\/Buerk_Manufaktur_0988-1024x683.jpg"},{"@type":"BreadcrumbList","@id":"https:\/\/schaer-clockhands.com\/fr\/a-propos-de-nous\/#breadcrumb","itemListElement":[{"@type":"ListItem","position":1,"name":"Startseite","item":"https:\/\/schaer-clockhands.com\/fr\/"},{"@type":"ListItem","position":2,"name":"\u00c0 propos de nous"}]},{"@type":"WebSite","@id":"https:\/\/schaer-clockhands.com\/fr\/#website","url":"https:\/\/schaer-clockhands.com\/fr\/","name":"Richard B\u00fcrk GmbH \u2013 Ma\u00dfgeschneiderte Uhren & Pr\u00e4zisionsteile aus eigener Produktion","description":"Sch\u00e4r Zeiger in Villingen-Schwenningen: Gro\u00dfuhrenzeiger, Standard- und Sonderanfertigungen seit 1926","publisher":{"@id":"https:\/\/schaer-clockhands.com\/fr\/#organization"},"potentialAction":[{"@type":"SearchAction","target":{"@type":"EntryPoint","urlTemplate":"https:\/\/schaer-clockhands.com\/fr\/?s={search_term_string}"},"query-input":{"@type":"PropertyValueSpecification","valueRequired":true,"valueName":"search_term_string"}}],"inLanguage":"fr-FR"},{"@type":"Organization","@id":"https:\/\/schaer-clockhands.com\/fr\/#organization","name":"Richard B\u00fcrk GmbH","url":"https:\/\/schaer-clockhands.com\/fr\/","logo":{"@type":"ImageObject","inLanguage":"fr-FR","@id":"https:\/\/schaer-clockhands.com\/fr\/#\/schema\/logo\/image\/","url":"https:\/\/schaer-clockhands.com\/wp-content\/uploads\/2023\/01\/buer_1698_logo_500.png","contentUrl":"https:\/\/schaer-clockhands.com\/wp-content\/uploads\/2023\/01\/buer_1698_logo_500.png","width":500,"height":488,"caption":"Richard B\u00fcrk GmbH"},"image":{"@id":"https:\/\/schaer-clockhands.com\/fr\/#\/schema\/logo\/image\/"},"sameAs":["https:\/\/www.instagram.com\/richard_buerk_gmbh\/"]}]}},"_links":{"self":[{"href":"https:\/\/schaer-clockhands.com\/fr\/wp-json\/wp\/v2\/pages\/8283","targetHints":{"allow":["GET"]}}],"collection":[{"href":"https:\/\/schaer-clockhands.com\/fr\/wp-json\/wp\/v2\/pages"}],"about":[{"href":"https:\/\/schaer-clockhands.com\/fr\/wp-json\/wp\/v2\/types\/page"}],"author":[{"embeddable":true,"href":"https:\/\/schaer-clockhands.com\/fr\/wp-json\/wp\/v2\/users\/2"}],"replies":[{"embeddable":true,"href":"https:\/\/schaer-clockhands.com\/fr\/wp-json\/wp\/v2\/comments?post=8283"}],"version-history":[{"count":8,"href":"https:\/\/schaer-clockhands.com\/fr\/wp-json\/wp\/v2\/pages\/8283\/revisions"}],"predecessor-version":[{"id":8379,"href":"https:\/\/schaer-clockhands.com\/fr\/wp-json\/wp\/v2\/pages\/8283\/revisions\/8379"}],"wp:attachment":[{"href":"https:\/\/schaer-clockhands.com\/fr\/wp-json\/wp\/v2\/media?parent=8283"}],"curies":[{"name":"wp","href":"https:\/\/api.w.org\/{rel}","templated":true}]}}