{"id":8291,"date":"2025-01-25T10:33:59","date_gmt":"2025-01-25T09:33:59","guid":{"rendered":"https:\/\/schaer-clockhands.com\/contact\/"},"modified":"2025-07-31T18:37:05","modified_gmt":"2025-07-31T16:37:05","slug":"contact","status":"publish","type":"page","link":"https:\/\/schaer-clockhands.com\/fr\/contact\/","title":{"rendered":"Contact"},"content":{"rendered":"\t\t<div data-elementor-type=\"wp-page\" data-elementor-id=\"8291\" class=\"elementor elementor-8291 elementor-6969\" data-elementor-post-type=\"page\">\n\t\t\t\t\t\t<section class=\"elementor-section elementor-top-section elementor-element elementor-element-4524b85 elementor-section-boxed elementor-section-height-default elementor-section-height-default\" data-id=\"4524b85\" data-element_type=\"section\">\n\t\t\t\t\t\t<div class=\"elementor-container elementor-column-gap-default\">\n\t\t\t\t\t<div class=\"elementor-column elementor-col-100 elementor-top-column elementor-element elementor-element-9c2636a\" data-id=\"9c2636a\" data-element_type=\"column\">\n\t\t\t<div class=\"elementor-widget-wrap elementor-element-populated\">\n\t\t\t\t\t\t<div class=\"elementor-element elementor-element-0a826f9 elementor-widget elementor-widget-heading\" data-id=\"0a826f9\" data-element_type=\"widget\" data-widget_type=\"heading.default\">\n\t\t\t\t<div class=\"elementor-widget-container\">\n\t\t\t\t\t<h2 class=\"elementor-heading-title elementor-size-default\">Nous sommes l\u00e0 pour vous !\n<\/h2>\t\t\t\t<\/div>\n\t\t\t\t<\/div>\n\t\t\t\t<div class=\"elementor-element elementor-element-ae60c9d elementor-widget elementor-widget-text-editor\" data-id=\"ae60c9d\" data-element_type=\"widget\" data-widget_type=\"text-editor.default\">\n\t\t\t\t<div class=\"elementor-widget-container\">\n\t\t\t\t\t\t\t\t\t<h4>Des questions sur les aiguilles + pi\u00e8ces d&rsquo;horlogerie ? &#8211; Nous serons ravis de vous conseiller ! <\/h4><p>Qu&rsquo;il s&rsquo;agisse d&rsquo;une <strong>commande, d&rsquo;une demande de catalogue ou d&rsquo;une fabrication sp\u00e9ciale<\/strong>, contactez-nous, <br>et nous vous aiderons rapidement et facilement.<\/p>\t\t\t\t\t\t\t\t<\/div>\n\t\t\t\t<\/div>\n\t\t\t\t<section class=\"elementor-section elementor-inner-section elementor-element elementor-element-32b37da elementor-section-content-middle elementor-section-boxed elementor-section-height-default elementor-section-height-default\" data-id=\"32b37da\" data-element_type=\"section\">\n\t\t\t\t\t\t<div class=\"elementor-container elementor-column-gap-default\">\n\t\t\t\t\t<div class=\"elementor-column elementor-col-50 elementor-inner-column elementor-element elementor-element-f220fa6\" data-id=\"f220fa6\" data-element_type=\"column\">\n\t\t\t<div class=\"elementor-widget-wrap elementor-element-populated\">\n\t\t\t\t\t\t<div class=\"elementor-element elementor-element-bae6f1e elementor-button-align-end elementor-widget elementor-widget-form\" data-id=\"bae6f1e\" data-element_type=\"widget\" data-settings=\"{&quot;step_next_label&quot;:&quot;Suivant&quot;,&quot;step_previous_label&quot;:&quot;Pr\\u00e9c\\u00e9dent&quot;,&quot;button_width&quot;:&quot;100&quot;,&quot;step_type&quot;:&quot;number_text&quot;,&quot;step_icon_shape&quot;:&quot;circle&quot;}\" data-widget_type=\"form.default\">\n\t\t\t\t<div class=\"elementor-widget-container\">\n\t\t\t\t\t\t\t<form class=\"elementor-form\" method=\"post\" name=\"Formulaire de contact\" aria-label=\"Formulaire de contact\">\n\t\t\t<input type=\"hidden\" name=\"post_id\" value=\"8291\"\/>\n\t\t\t<input type=\"hidden\" name=\"form_id\" value=\"bae6f1e\"\/>\n\t\t\t<input type=\"hidden\" name=\"referer_title\" value=\"Contact - Volker Sch\u00e4r - Zeiger, Uhrenteile &amp; Komponenten\" \/>\n\n\t\t\t\t\t\t\t<input type=\"hidden\" name=\"queried_id\" value=\"8291\"\/>\n\t\t\t\n\t\t\t<div class=\"elementor-form-fields-wrapper elementor-labels-above\">\n\t\t\t\t\t\t\t\t<div class=\"elementor-field-type-text elementor-field-group elementor-column elementor-field-group-name elementor-col-100 elementor-field-required elementor-mark-required\">\n\t\t\t\t\t\t\t\t\t\t\t\t<label for=\"form-field-name\" class=\"elementor-field-label\">\n\t\t\t\t\t\t\t\tPr\u00e9nom et nom de famille\t\t\t\t\t\t\t<\/label>\n\t\t\t\t\t\t\t\t\t\t\t\t\t\t<input size=\"1\" type=\"text\" name=\"form_fields[name]\" id=\"form-field-name\" class=\"elementor-field elementor-size-sm  elementor-field-textual\" placeholder=\"Pr\u00e9nom et nom de famille\" required=\"required\">\n\t\t\t\t\t\t\t\t\t\t\t<\/div>\n\t\t\t\t\t\t\t\t<div class=\"elementor-field-type-email elementor-field-group elementor-column elementor-field-group-email elementor-col-100 elementor-field-required elementor-mark-required\">\n\t\t\t\t\t\t\t\t\t\t\t\t<label for=\"form-field-email\" class=\"elementor-field-label\">\n\t\t\t\t\t\t\t\tVotre adresse e-mail\t\t\t\t\t\t\t<\/label>\n\t\t\t\t\t\t\t\t\t\t\t\t\t\t<input size=\"1\" type=\"email\" name=\"form_fields[email]\" id=\"form-field-email\" class=\"elementor-field elementor-size-sm  elementor-field-textual\" placeholder=\"Votre adresse e-mail\" required=\"required\">\n\t\t\t\t\t\t\t\t\t\t\t<\/div>\n\t\t\t\t\t\t\t\t<div class=\"elementor-field-type-select elementor-field-group elementor-column elementor-field-group-field_3a9fe80 elementor-col-100\">\n\t\t\t\t\t\t\t\t\t\t\t\t<label for=\"form-field-field_3a9fe80\" class=\"elementor-field-label\">\n\t\t\t\t\t\t\t\tChoisissez la forme sous laquelle vous souhaitez recevoir notre catalogue :\t\t\t\t\t\t\t<\/label>\n\t\t\t\t\t\t\t\t<div class=\"elementor-field elementor-select-wrapper remove-before \">\n\t\t\t<div class=\"select-caret-down-wrapper\">\n\t\t\t\t<i aria-hidden=\"true\" class=\"eicon-caret-down\"><\/i>\t\t\t<\/div>\n\t\t\t<select name=\"form_fields[field_3a9fe80]\" id=\"form-field-field_3a9fe80\" class=\"elementor-field-textual elementor-size-sm\">\n\t\t\t\t\t\t\t\t\t<option value=\"Je ne veux pas de catalogue\">Je ne veux pas de catalogue<\/option>\n\t\t\t\t\t\t\t\t\t<option value=\"Je souhaite la version imprim\u00e9e\">Je souhaite la version imprim\u00e9e<\/option>\n\t\t\t\t\t\t\t\t\t<option value=\"Je souhaite le CD-ROM\">Je souhaite le CD-ROM<\/option>\n\t\t\t\t\t\t\t\t\t<option value=\"Je souhaite la version num\u00e9rique\">Je souhaite la version num\u00e9rique<\/option>\n\t\t\t\t\t\t\t<\/select>\n\t\t<\/div>\n\t\t\t\t\t\t<\/div>\n\t\t\t\t\t\t\t\t<div class=\"elementor-field-type-textarea elementor-field-group elementor-column elementor-field-group-message elementor-col-100\">\n\t\t\t\t\t\t\t\t\t\t\t\t<label for=\"form-field-message\" class=\"elementor-field-label\">\n\t\t\t\t\t\t\t\tVotre message\t\t\t\t\t\t\t<\/label>\n\t\t\t\t\t\t<textarea class=\"elementor-field-textual elementor-field  elementor-size-sm\" name=\"form_fields[message]\" id=\"form-field-message\" rows=\"4\" placeholder=\"Votre message\"><\/textarea>\t\t\t\t<\/div>\n\t\t\t\t\t\t\t\t<div class=\"elementor-field-group elementor-column elementor-field-type-submit elementor-col-100 e-form__buttons\">\n\t\t\t\t\t<button class=\"elementor-button elementor-size-sm\" type=\"submit\">\n\t\t\t\t\t\t<span class=\"elementor-button-content-wrapper\">\n\t\t\t\t\t\t\t\t\t\t\t\t\t\t\t\t\t\t\t\t\t\t<span class=\"elementor-button-text\">Envoyer<\/span>\n\t\t\t\t\t\t\t\t\t\t\t\t\t<\/span>\n\t\t\t\t\t<\/button>\n\t\t\t\t<\/div>\n\t\t\t<\/div>\n\t\t<\/form>\n\t\t\t\t\t\t<\/div>\n\t\t\t\t<\/div>\n\t\t\t\t\t<\/div>\n\t\t<\/div>\n\t\t\t\t<div class=\"elementor-column elementor-col-50 elementor-inner-column elementor-element elementor-element-45187f6\" data-id=\"45187f6\" data-element_type=\"column\" data-settings=\"{&quot;background_background&quot;:&quot;classic&quot;}\">\n\t\t\t<div class=\"elementor-widget-wrap elementor-element-populated\">\n\t\t\t\t\t\t<div class=\"elementor-element elementor-element-d859ded icon-vertical-align-center content-align-left icon-box-vertical-align-top icon-position-left elementor-widget elementor-widget-the7_icon_box_grid_widget\" data-id=\"d859ded\" data-element_type=\"widget\" data-widget_type=\"the7_icon_box_grid_widget.default\">\n\t\t\t\t<div class=\"elementor-widget-container\">\n\t\t\t\t\t<div class=\"the7-box-grid-wrapper the7-elementor-widget loading-effect-none the7_icon_box_grid_widget-d859ded\">\t\t\t<div class=\"dt-css-grid\">\n\t\t\t\t\t\t\t\t\t<div class=\"wf-cell shown\">\n\t\t\t\t\t\t<div class=\"the7-icon-box-grid\">\t\t\t\t\t\t\t<div class=\"box-content-wrapper\">\n\t\t\t\t\t\t\t\t\t\t\t\t\t\t\t\t\t<a class=\"elementor-icon-div\" aria-label=\"Gewerbestra\u00dfe 55&lt;br&gt;78054 Villingen-Schwenningen\">\t\t\t\t\t\t\t\t\t\t<div class=\"elementor-icon\">\n\t\t\t\t\t\t\t\t\t\t\t<i aria-hidden=\"true\" class=\"the7feather- the7-feather-map-pin\"><\/i>\t\t\t\t\t\t\t\t\t\t<\/div>\n\t\t\t\t\t\t\t\t\t<\/a>\t\t\t\t\t\t\t\t\t\t\t\t\t\t\t\t<div class=\"box-content\">\n\t\t\t\t\t\t\t\t\t\t\t\t\t\t\t\t\t\t\t\t\t\t\t\t\t\t\t\t\t<h4 class=\"box-heading\">\n\t\t\t\t\t\t\t\t\t\t\t<a aria-label=\"Gewerbestra\u00dfe 55&lt;br&gt;78054 Villingen-Schwenningen\">\t\t\t\t\t\t\t\t\t\t\t\tGewerbestra\u00dfe 55<br>78054 Villingen-Schwenningen\t\t\t\t\t\t\t\t\t\t\t<\/a>\t\t\t\t\t\t\t\t\t\t<\/h4>\n\t\t\t\t\t\t\t\t\t\t\t\t\t\t\t\t\t\t\t\t\t\t\t\t\t\t\t\t\t\t\t\t\t\t\t<\/div>\n\t\t\t\t\t\t\t<\/div>\n\t\t\t\t\t\t<\/div>\t\t\t\t\t<\/div>\n\t\t\t\t\t\t\t\t\t<div class=\"wf-cell shown\">\n\t\t\t\t\t\t<div class=\"the7-icon-box-grid\">\t\t\t\t\t\t\t<div class=\"box-content-wrapper\">\n\t\t\t\t\t\t\t\t\t\t\t\t\t\t\t\t\t<a class=\"elementor-icon-div\" aria-label=\"&lt;a href=&quot;mailto:info@schaer-clockhands.com&quot;&gt;info@schaer-clockhands.com&lt;\/a&gt;\">\t\t\t\t\t\t\t\t\t\t<div class=\"elementor-icon\">\n\t\t\t\t\t\t\t\t\t\t\t<i aria-hidden=\"true\" class=\"the7feather- the7-feather-mail\"><\/i>\t\t\t\t\t\t\t\t\t\t<\/div>\n\t\t\t\t\t\t\t\t\t<\/a>\t\t\t\t\t\t\t\t\t\t\t\t\t\t\t\t<div class=\"box-content\">\n\t\t\t\t\t\t\t\t\t\t\t\t\t\t\t\t\t\t\t\t\t\t\t\t\t\t\t\t\t<h4 class=\"box-heading\">\n\t\t\t\t\t\t\t\t\t\t\t<a aria-label=\"&lt;a href=&quot;mailto:info@schaer-clockhands.com&quot;&gt;info@schaer-clockhands.com&lt;\/a&gt;\">\t\t\t\t\t\t\t\t\t\t\t\t<a href=\"mailto:info@schaer-clockhands.com\">info@schaer-clockhands.com<\/a>\t\t\t\t\t\t\t\t\t\t\t<\/a>\t\t\t\t\t\t\t\t\t\t<\/h4>\n\t\t\t\t\t\t\t\t\t\t\t\t\t\t\t\t\t\t\t\t\t\t\t\t\t\t\t\t\t\t\t\t\t\t\t<\/div>\n\t\t\t\t\t\t\t<\/div>\n\t\t\t\t\t\t<\/div>\t\t\t\t\t<\/div>\n\t\t\t\t\t\t\t\t\t<div class=\"wf-cell shown\">\n\t\t\t\t\t\t<div class=\"the7-icon-box-grid\">\t\t\t\t\t\t\t<div class=\"box-content-wrapper\">\n\t\t\t\t\t\t\t\t\t\t\t\t\t\t\t\t\t<a class=\"elementor-icon-div\" aria-label=\"&lt;a href=&quot;tel:+49772030030&quot;&gt;(+49) 77 20 \/ 3003-0\">\t\t\t\t\t\t\t\t\t\t<div class=\"elementor-icon\">\n\t\t\t\t\t\t\t\t\t\t\t<i aria-hidden=\"true\" class=\"the7feather- the7-feather-phone-call\"><\/i>\t\t\t\t\t\t\t\t\t\t<\/div>\n\t\t\t\t\t\t\t\t\t<\/a>\t\t\t\t\t\t\t\t\t\t\t\t\t\t\t\t<div class=\"box-content\">\n\t\t\t\t\t\t\t\t\t\t\t\t\t\t\t\t\t\t\t\t\t\t\t\t\t\t\t\t\t<h4 class=\"box-heading\">\n\t\t\t\t\t\t\t\t\t\t\t<a aria-label=\"&lt;a href=&quot;tel:+49772030030&quot;&gt;(+49) 77 20 \/ 3003-0\">\t\t\t\t\t\t\t\t\t\t\t\t<a href=\"tel:+49772030030\">(+49) 77 20 \/ 3003-0\t\t\t\t\t\t\t\t\t\t\t<\/a>\t\t\t\t\t\t\t\t\t\t<\/h4>\n\t\t\t\t\t\t\t\t\t\t\t\t\t\t\t\t\t\t\t\t\t\t\t\t\t\t\t\t\t\t\t\t\t\t\t<\/div>\n\t\t\t\t\t\t\t<\/div>\n\t\t\t\t\t\t<\/div>\t\t\t\t\t<\/div>\n\t\t\t\t\t\t\t<\/div>\n\t\t<\/div>\t\t\t\t<\/div>\n\t\t\t\t<\/div>\n\t\t\t\t\t<\/div>\n\t\t<\/div>\n\t\t\t\t\t<\/div>\n\t\t<\/section>\n\t\t\t\t\t<\/div>\n\t\t<\/div>\n\t\t\t\t\t<\/div>\n\t\t<\/section>\n\t\t\t\t<section class=\"elementor-section elementor-top-section elementor-element elementor-element-092e55f elementor-section-height-min-height elementor-section-boxed elementor-section-height-default elementor-section-items-middle\" data-id=\"092e55f\" data-element_type=\"section\" data-settings=\"{&quot;background_background&quot;:&quot;classic&quot;,&quot;background_motion_fx_motion_fx_scrolling&quot;:&quot;yes&quot;,&quot;background_motion_fx_translateY_effect&quot;:&quot;yes&quot;,&quot;background_motion_fx_translateY_speed&quot;:{&quot;unit&quot;:&quot;px&quot;,&quot;size&quot;:4,&quot;sizes&quot;:[]},&quot;background_motion_fx_translateY_affectedRange&quot;:{&quot;unit&quot;:&quot;%&quot;,&quot;size&quot;:&quot;&quot;,&quot;sizes&quot;:{&quot;start&quot;:0,&quot;end&quot;:100}},&quot;background_motion_fx_devices&quot;:[&quot;desktop&quot;,&quot;tablet&quot;,&quot;mobile&quot;]}\">\n\t\t\t\t\t\t<div class=\"elementor-container elementor-column-gap-default\">\n\t\t\t\t\t<div class=\"elementor-column elementor-col-100 elementor-top-column elementor-element elementor-element-2a6fc9e\" data-id=\"2a6fc9e\" data-element_type=\"column\">\n\t\t\t<div class=\"elementor-widget-wrap\">\n\t\t\t\t\t\t\t<\/div>\n\t\t<\/div>\n\t\t\t\t\t<\/div>\n\t\t<\/section>\n\t\t\t\t<\/div>\n\t\t","protected":false},"excerpt":{"rendered":"<p>Nous sommes l\u00e0 pour vous ! Des questions sur les aiguilles + pi\u00e8ces d&rsquo;horlogerie ? &#8211; Nous serons ravis de vous conseiller ! Qu&rsquo;il s&rsquo;agisse d&rsquo;une commande, d&rsquo;une demande de catalogue ou d&rsquo;une fabrication sp\u00e9ciale, contactez-nous, et nous vous aiderons rapidement et facilement. Gewerbestra\u00dfe 5578054 Villingen-Schwenningen info@schaer-clockhands.com (+49) 77 20 \/ 3003-0<\/p>\n","protected":false},"author":2,"featured_media":0,"parent":0,"menu_order":0,"comment_status":"closed","ping_status":"closed","template":"","meta":{"footnotes":""},"class_list":["post-8291","page","type-page","status-publish","hentry"],"yoast_head":"<!-- This site is optimized with the Yoast SEO plugin v26.6 - https:\/\/yoast.com\/wordpress\/plugins\/seo\/ -->\n<title>Contact - Volker Sch\u00e4r - Zeiger, Uhrenteile &amp; Komponenten<\/title>\n<meta name=\"description\" content=\"Contact Richard B\u00fcrk GmbH : Vous avez des questions ou des souhaits ? Nous serons heureux de recevoir votre message et de vous conseiller personnellement.\" \/>\n<meta name=\"robots\" content=\"index, follow, max-snippet:-1, max-image-preview:large, max-video-preview:-1\" \/>\n<link rel=\"canonical\" href=\"https:\/\/schaer-clockhands.com\/fr\/contact\/\" \/>\n<meta property=\"og:locale\" content=\"fr_FR\" \/>\n<meta property=\"og:type\" content=\"article\" \/>\n<meta property=\"og:title\" content=\"Contact - Volker Sch\u00e4r - Zeiger, Uhrenteile &amp; Komponenten\" \/>\n<meta property=\"og:description\" content=\"Contact Richard B\u00fcrk GmbH : Vous avez des questions ou des souhaits ? Nous serons heureux de recevoir votre message et de vous conseiller personnellement.\" \/>\n<meta property=\"og:url\" content=\"https:\/\/schaer-clockhands.com\/fr\/contact\/\" \/>\n<meta property=\"og:site_name\" content=\"Volker Sch\u00e4r - Zeiger, Uhrenteile &amp; Komponenten\" \/>\n<meta property=\"article:modified_time\" content=\"2025-07-31T16:37:05+00:00\" \/>\n<meta name=\"twitter:card\" content=\"summary_large_image\" \/>\n<script type=\"application\/ld+json\" class=\"yoast-schema-graph\">{\"@context\":\"https:\/\/schema.org\",\"@graph\":[{\"@type\":\"WebPage\",\"@id\":\"https:\/\/schaer-clockhands.com\/fr\/contact\/\",\"url\":\"https:\/\/schaer-clockhands.com\/fr\/contact\/\",\"name\":\"Contact - Volker Sch\u00e4r - Zeiger, Uhrenteile &amp; Komponenten\",\"isPartOf\":{\"@id\":\"https:\/\/schaer-clockhands.com\/fr\/#website\"},\"datePublished\":\"2025-01-25T09:33:59+00:00\",\"dateModified\":\"2025-07-31T16:37:05+00:00\",\"description\":\"Contact Richard B\u00fcrk GmbH : Vous avez des questions ou des souhaits ? Nous serons heureux de recevoir votre message et de vous conseiller personnellement.\",\"breadcrumb\":{\"@id\":\"https:\/\/schaer-clockhands.com\/fr\/contact\/#breadcrumb\"},\"inLanguage\":\"fr-FR\",\"potentialAction\":[{\"@type\":\"ReadAction\",\"target\":[\"https:\/\/schaer-clockhands.com\/fr\/contact\/\"]}]},{\"@type\":\"BreadcrumbList\",\"@id\":\"https:\/\/schaer-clockhands.com\/fr\/contact\/#breadcrumb\",\"itemListElement\":[{\"@type\":\"ListItem\",\"position\":1,\"name\":\"Startseite\",\"item\":\"https:\/\/schaer-clockhands.com\/fr\/\"},{\"@type\":\"ListItem\",\"position\":2,\"name\":\"Contact\"}]},{\"@type\":\"WebSite\",\"@id\":\"https:\/\/schaer-clockhands.com\/fr\/#website\",\"url\":\"https:\/\/schaer-clockhands.com\/fr\/\",\"name\":\"Richard B\u00fcrk GmbH \u2013 Ma\u00dfgeschneiderte Uhren & Pr\u00e4zisionsteile aus eigener Produktion\",\"description\":\"Sch\u00e4r Zeiger in Villingen-Schwenningen: Gro\u00dfuhrenzeiger, Standard- und Sonderanfertigungen seit 1926\",\"publisher\":{\"@id\":\"https:\/\/schaer-clockhands.com\/fr\/#organization\"},\"potentialAction\":[{\"@type\":\"SearchAction\",\"target\":{\"@type\":\"EntryPoint\",\"urlTemplate\":\"https:\/\/schaer-clockhands.com\/fr\/?s={search_term_string}\"},\"query-input\":{\"@type\":\"PropertyValueSpecification\",\"valueRequired\":true,\"valueName\":\"search_term_string\"}}],\"inLanguage\":\"fr-FR\"},{\"@type\":\"Organization\",\"@id\":\"https:\/\/schaer-clockhands.com\/fr\/#organization\",\"name\":\"Richard B\u00fcrk GmbH\",\"url\":\"https:\/\/schaer-clockhands.com\/fr\/\",\"logo\":{\"@type\":\"ImageObject\",\"inLanguage\":\"fr-FR\",\"@id\":\"https:\/\/schaer-clockhands.com\/fr\/#\/schema\/logo\/image\/\",\"url\":\"https:\/\/schaer-clockhands.com\/wp-content\/uploads\/2023\/01\/buer_1698_logo_500.png\",\"contentUrl\":\"https:\/\/schaer-clockhands.com\/wp-content\/uploads\/2023\/01\/buer_1698_logo_500.png\",\"width\":500,\"height\":488,\"caption\":\"Richard B\u00fcrk GmbH\"},\"image\":{\"@id\":\"https:\/\/schaer-clockhands.com\/fr\/#\/schema\/logo\/image\/\"},\"sameAs\":[\"https:\/\/www.instagram.com\/richard_buerk_gmbh\/\"]}]}<\/script>\n<!-- \/ Yoast SEO plugin. -->","yoast_head_json":{"title":"Contact - Volker Sch\u00e4r - Zeiger, Uhrenteile &amp; Komponenten","description":"Contact Richard B\u00fcrk GmbH : Vous avez des questions ou des souhaits ? Nous serons heureux de recevoir votre message et de vous conseiller personnellement.","robots":{"index":"index","follow":"follow","max-snippet":"max-snippet:-1","max-image-preview":"max-image-preview:large","max-video-preview":"max-video-preview:-1"},"canonical":"https:\/\/schaer-clockhands.com\/fr\/contact\/","og_locale":"fr_FR","og_type":"article","og_title":"Contact - Volker Sch\u00e4r - Zeiger, Uhrenteile &amp; Komponenten","og_description":"Contact Richard B\u00fcrk GmbH : Vous avez des questions ou des souhaits ? Nous serons heureux de recevoir votre message et de vous conseiller personnellement.","og_url":"https:\/\/schaer-clockhands.com\/fr\/contact\/","og_site_name":"Volker Sch\u00e4r - Zeiger, Uhrenteile &amp; Komponenten","article_modified_time":"2025-07-31T16:37:05+00:00","twitter_card":"summary_large_image","schema":{"@context":"https:\/\/schema.org","@graph":[{"@type":"WebPage","@id":"https:\/\/schaer-clockhands.com\/fr\/contact\/","url":"https:\/\/schaer-clockhands.com\/fr\/contact\/","name":"Contact - Volker Sch\u00e4r - Zeiger, Uhrenteile &amp; Komponenten","isPartOf":{"@id":"https:\/\/schaer-clockhands.com\/fr\/#website"},"datePublished":"2025-01-25T09:33:59+00:00","dateModified":"2025-07-31T16:37:05+00:00","description":"Contact Richard B\u00fcrk GmbH : Vous avez des questions ou des souhaits ? Nous serons heureux de recevoir votre message et de vous conseiller personnellement.","breadcrumb":{"@id":"https:\/\/schaer-clockhands.com\/fr\/contact\/#breadcrumb"},"inLanguage":"fr-FR","potentialAction":[{"@type":"ReadAction","target":["https:\/\/schaer-clockhands.com\/fr\/contact\/"]}]},{"@type":"BreadcrumbList","@id":"https:\/\/schaer-clockhands.com\/fr\/contact\/#breadcrumb","itemListElement":[{"@type":"ListItem","position":1,"name":"Startseite","item":"https:\/\/schaer-clockhands.com\/fr\/"},{"@type":"ListItem","position":2,"name":"Contact"}]},{"@type":"WebSite","@id":"https:\/\/schaer-clockhands.com\/fr\/#website","url":"https:\/\/schaer-clockhands.com\/fr\/","name":"Richard B\u00fcrk GmbH \u2013 Ma\u00dfgeschneiderte Uhren & Pr\u00e4zisionsteile aus eigener Produktion","description":"Sch\u00e4r Zeiger in Villingen-Schwenningen: Gro\u00dfuhrenzeiger, Standard- und Sonderanfertigungen seit 1926","publisher":{"@id":"https:\/\/schaer-clockhands.com\/fr\/#organization"},"potentialAction":[{"@type":"SearchAction","target":{"@type":"EntryPoint","urlTemplate":"https:\/\/schaer-clockhands.com\/fr\/?s={search_term_string}"},"query-input":{"@type":"PropertyValueSpecification","valueRequired":true,"valueName":"search_term_string"}}],"inLanguage":"fr-FR"},{"@type":"Organization","@id":"https:\/\/schaer-clockhands.com\/fr\/#organization","name":"Richard B\u00fcrk GmbH","url":"https:\/\/schaer-clockhands.com\/fr\/","logo":{"@type":"ImageObject","inLanguage":"fr-FR","@id":"https:\/\/schaer-clockhands.com\/fr\/#\/schema\/logo\/image\/","url":"https:\/\/schaer-clockhands.com\/wp-content\/uploads\/2023\/01\/buer_1698_logo_500.png","contentUrl":"https:\/\/schaer-clockhands.com\/wp-content\/uploads\/2023\/01\/buer_1698_logo_500.png","width":500,"height":488,"caption":"Richard B\u00fcrk GmbH"},"image":{"@id":"https:\/\/schaer-clockhands.com\/fr\/#\/schema\/logo\/image\/"},"sameAs":["https:\/\/www.instagram.com\/richard_buerk_gmbh\/"]}]}},"_links":{"self":[{"href":"https:\/\/schaer-clockhands.com\/fr\/wp-json\/wp\/v2\/pages\/8291","targetHints":{"allow":["GET"]}}],"collection":[{"href":"https:\/\/schaer-clockhands.com\/fr\/wp-json\/wp\/v2\/pages"}],"about":[{"href":"https:\/\/schaer-clockhands.com\/fr\/wp-json\/wp\/v2\/types\/page"}],"author":[{"embeddable":true,"href":"https:\/\/schaer-clockhands.com\/fr\/wp-json\/wp\/v2\/users\/2"}],"replies":[{"embeddable":true,"href":"https:\/\/schaer-clockhands.com\/fr\/wp-json\/wp\/v2\/comments?post=8291"}],"version-history":[{"count":1,"href":"https:\/\/schaer-clockhands.com\/fr\/wp-json\/wp\/v2\/pages\/8291\/revisions"}],"predecessor-version":[{"id":8293,"href":"https:\/\/schaer-clockhands.com\/fr\/wp-json\/wp\/v2\/pages\/8291\/revisions\/8293"}],"wp:attachment":[{"href":"https:\/\/schaer-clockhands.com\/fr\/wp-json\/wp\/v2\/media?parent=8291"}],"curies":[{"name":"wp","href":"https:\/\/api.w.org\/{rel}","templated":true}]}}